{"id":1082,"date":"2023-11-28T09:29:18","date_gmt":"2023-11-28T09:29:18","guid":{"rendered":"https:\/\/drdahabra.com\/?page_id=1082"},"modified":"2025-07-16T08:44:13","modified_gmt":"2025-07-16T08:44:13","slug":"west-palm-beach-med-spa","status":"publish","type":"page","link":"https:\/\/drdahabra.com\/es\/west-palm-beach-med-spa\/","title":{"rendered":"Centro de bienestar y spa m\u00e9dico de West Palm Beach"},"content":{"rendered":"<div data-elementor-type=\"wp-page\" data-elementor-id=\"1082\" class=\"elementor elementor-1082\" data-elementor-post-type=\"page\">\n\t\t\t\t<div class=\"elementor-element elementor-element-f6a67a6 e-flex e-con-boxed e-con e-parent\" data-id=\"f6a67a6\" data-element_type=\"container\" data-e-type=\"container\">\n\t\t\t\t\t<div class=\"e-con-inner\">\n\t\t\t\t\t<\/div>\n\t\t\t\t<\/div>\n\t\t<div class=\"elementor-element elementor-element-0e14852 e-flex e-con-boxed e-con e-parent\" data-id=\"0e14852\" data-element_type=\"container\" data-e-type=\"container\">\n\t\t\t\t\t<div class=\"e-con-inner\">\n\t\t\t\t<div class=\"elementor-element elementor-element-782caca elementor-widget elementor-widget-heading\" data-id=\"782caca\" data-element_type=\"widget\" data-e-type=\"widget\" data-widget_type=\"heading.default\">\n\t\t\t\t\t<h1 class=\"elementor-heading-title elementor-size-default\">West Palm Beach<\/h1>\t\t\t\t<\/div>\n\t\t\t\t<div class=\"elementor-element elementor-element-d219ad5 elementor-widget elementor-widget-heading\" data-id=\"d219ad5\" data-element_type=\"widget\" data-e-type=\"widget\" data-widget_type=\"heading.default\">\n\t\t\t\t\t<h2 class=\"elementor-heading-title elementor-size-default\">Descubra West Palm Beach Med Spa con el Dr. Dahabra: Su puerta de entrada a la Est\u00e9tica y Medicina de Conserjer\u00eda VIP.<\/h2>\t\t\t\t<\/div>\n\t\t\t\t<div class=\"elementor-element elementor-element-3b06d7e elementor-widget elementor-widget-text-editor\" data-id=\"3b06d7e\" data-element_type=\"widget\" data-e-type=\"widget\" data-widget_type=\"text-editor.default\">\n\t\t\t\t\t\t\t\t\t<p><span style=\"font-weight: 400;\">Bienvenido a West Palm Beach Med Spa, donde las costas ba\u00f1adas por el sol se encuentran con un para\u00edso de belleza y bienestar dirigido por el estimado <a href=\"\/es\/\">Dr. Dahabra<\/a>. Ubicado en el coraz\u00f3n de esta vibrante ciudad, la pr\u00e1ctica del Dr. Dahabra se erige como un faro de excelencia, ofreciendo una gama de servicios de transformaci\u00f3n que redefinen el est\u00e1ndar de atenci\u00f3n en Beverly Hills Wellness Center &amp; Med Spa, Florida. Explore la combinaci\u00f3n \u00fanica de est\u00e9tica de conserjer\u00eda VIP, est\u00e9tica de medicina de conserjer\u00eda VIP y formaci\u00f3n pr\u00e1ctica en medicina est\u00e9tica de vanguardia que hacen de nuestro centro de West Palm Beach un destino inigualable para aquellos que buscan el pin\u00e1culo de la atenci\u00f3n personalizada.<\/span><\/p>\t\t\t\t\t\t\t\t<\/div>\n\t\t\t\t<div class=\"elementor-element elementor-element-0fc4db2 elementor-widget elementor-widget-heading\" data-id=\"0fc4db2\" data-element_type=\"widget\" data-e-type=\"widget\" data-widget_type=\"heading.default\">\n\t\t\t\t\t<h3 class=\"elementor-heading-title elementor-size-default\">West Palm Beach: Un entorno de serenidad y transformaci\u00f3n<\/h3>\t\t\t\t<\/div>\n\t\t\t\t<div class=\"elementor-element elementor-element-8af4ed8 elementor-widget elementor-widget-text-editor\" data-id=\"8af4ed8\" data-element_type=\"widget\" data-e-type=\"widget\" data-widget_type=\"text-editor.default\">\n\t\t\t\t\t\t\t\t\t<p><span style=\"font-weight: 400;\">Imagine undergoing your aesthetic journey in a setting that seamlessly blends the tranquility of West <a class=\"wpil_keyword_link\" href=\"https:\/\/drdahabra.com\/es\/versa-labios-costo-en-plantation-florida\/\"   title=\"Coste de Versa Lips en Plantation Florida\" data-wpil-keyword-link=\"linked\"  data-wpil-monitor-id=\"19277\">Palm Beach<\/a> with the expertise of Dr. Dahabra. Our location is more than just a clinic; it&#8217;s a sanctuary where <a href=\"https:\/\/drdahabra.com\/es\/el-arte-y-la-ciencia-de-los-rellenos-de-aspecto-natural\/\" title=\"Belleza sin distorsi\u00f3n evitando la &quot;cara de almohada&quot;: El arte y la ciencia de los rellenos de aspecto natural\"  data-wpil-monitor-id=\"9324\">beauty meets science<\/a>, and wellness takes center stage. As you step into our state-of-the-art facility, you&#8217;re welcomed by a team dedicated to curating an experience tailored to your unique needs.<\/span><\/p>\t\t\t\t\t\t\t\t<\/div>\n\t\t\t\t<div class=\"elementor-element elementor-element-46cc56c elementor-widget elementor-widget-heading\" data-id=\"46cc56c\" data-element_type=\"widget\" data-e-type=\"widget\" data-widget_type=\"heading.default\">\n\t\t\t\t\t<h3 class=\"elementor-heading-title elementor-size-default\">Est\u00e9tica VIP Concierge: Libere su resplandor con cuidados personalizados<\/h3>\t\t\t\t<\/div>\n\t\t\t\t<div class=\"elementor-element elementor-element-3bf5dd7 elementor-widget elementor-widget-text-editor\" data-id=\"3bf5dd7\" data-element_type=\"widget\" data-e-type=\"widget\" data-widget_type=\"text-editor.default\">\n\t\t\t\t\t\t\t\t\t<p><span style=\"font-weight: 400;\">En el \u00e1mbito de <a href=\"https:\/\/drdahabra.com\/es\/vip\/\">VIP<\/a> est\u00e9tica de conserjer\u00eda, el centro del Dr. Dahabra en West Palm Beach es el centro de atenci\u00f3n. Este servicio est\u00e1 dise\u00f1ado para aquellos que buscan no s\u00f3lo resultados, sino una experiencia que trascienda lo ordinario. Imag\u00ednese un viaje en el que cada <a href=\"https:\/\/drdahabra.com\/es\/complicaciones-por-el-uso-de-productos-falsos-en-estetica\/\" data-wpil-monitor-id=\"1229\">est\u00e9tica<\/a> preocupaci\u00f3n se atiende con un toque personalizado, garantizando que se sienta atendido desde la consulta inicial hasta el resultado final.<\/span><\/p><p><span style=\"font-weight: 400;\">Nuestro servicio de conserjer\u00eda est\u00e9tica VIP en West Palm Beach abarca una amplia gama de tratamientos no quir\u00fargicos, desde rejuvenecimiento facial hasta <a href=\"https:\/\/drdahabra.com\/es\/contorno-corporal-costo-en-plantation-florida\/\" data-wpil-monitor-id=\"16\">contorno corporal<\/a>. <a href=\"https:\/\/drdahabra.com\/es\/rejuvenecimiento-facial-completo-con-dr-dahabra\/\" title=\"La gu\u00eda completa del rejuvenecimiento facial completo con el Dr. Dahabra\"  data-wpil-monitor-id=\"8156\">Dr. Dahabra<\/a> and his team understand that your beauty is unique, and our approach reflects this understanding. Experience the luxury of having a dedicated team committed to crafting an <a href=\"https:\/\/drdahabra.com\/es\/complicaciones-por-el-uso-de-productos-falsos-en-estetica\/\" data-wpil-monitor-id=\"1235\">est\u00e9tica<\/a> viaje que se alinea con sus deseos individuales, dej\u00e1ndole con un rejuvenecido y confiado sentido de s\u00ed mismo.<\/span><\/p>\t\t\t\t\t\t\t\t<\/div>\n\t\t\t\t<div class=\"elementor-element elementor-element-153a058 elementor-widget elementor-widget-heading\" data-id=\"153a058\" data-element_type=\"widget\" data-e-type=\"widget\" data-widget_type=\"heading.default\">\n\t\t\t\t\t<h3 class=\"elementor-heading-title elementor-size-default\">VIP Concierge Medicine Est\u00e9tica: Eleve su bienestar a nuevas cotas<\/h3>\t\t\t\t<\/div>\n\t\t\t\t<div class=\"elementor-element elementor-element-ebbf9f3 elementor-widget elementor-widget-text-editor\" data-id=\"ebbf9f3\" data-element_type=\"widget\" data-e-type=\"widget\" data-widget_type=\"text-editor.default\">\n\t\t\t\t\t\t\t\t\t<p><span style=\"font-weight: 400;\">En el \u00e1mbito de la conserjer\u00eda VIP <a href=\"https:\/\/drdahabra.com\/es\/formacion-practica-en-medicina-estetica-en-florida\/\" data-wpil-monitor-id=\"2692\">medicina est\u00e9tica<\/a>En West Palm Beach, nuestro centro es pionero en atenci\u00f3n integrada. Dr. Dahabra cree en un enfoque hol\u00edstico que se ocupa tanto de su <a href=\"https:\/\/drdahabra.com\/es\/la-revolucion-de-la-ai-en-la-excelencia-estetica\/\" title=\"La revoluci\u00f3n de la IA en la excelencia est\u00e9tica: La transformaci\u00f3n de los spas m\u00e9dicos para el futuro\"  data-wpil-monitor-id=\"6806\">preocupaciones m\u00e9dicas y est\u00e9ticas<\/a> aspiraciones. Aqu\u00ed encontrar\u00e1 un socio de confianza en su viaje hacia el bienestar, alguien que comprende la importancia de verse y sentirse lo mejor posible.<\/span><\/p><p><span style=\"font-weight: 400;\">Nuestro servicio de medicina est\u00e9tica de conserjer\u00eda VIP combina lo mejor de la medicina tradicional con la medicina avanzada. <a href=\"https:\/\/drdahabra.com\/es\/complications-of-aesthetic-procedures-from-nonlicensed-providers\/\" data-wpil-monitor-id=\"1041\">procedimientos est\u00e9ticos<\/a>. From personalized wellness plans to <a href=\"https:\/\/drdahabra.com\/es\/your-guide-to-custom-tailored-anti-aging-treatments\/\" title=\"Gu\u00eda de tratamientos antienvejecimiento personalizados\"  data-wpil-monitor-id=\"9957\">tratamientos antiedad<\/a>, this service is your key to unlocking a healthier, more vibrant life. Dr. Dahabra and his team in West Palm Beach are committed to providing you with the highest standard of care, ensuring that you not only <a href=\"https:\/\/drdahabra.com\/es\/excelencia-en-medicina-estetica-con-el-dr-dahabra\/\" data-wpil-monitor-id=\"3001\">consiga su est\u00e9tica<\/a> objetivos, sino tambi\u00e9n optimizar su bienestar general.<\/span><\/p>\t\t\t\t\t\t\t\t<\/div>\n\t\t\t\t<div class=\"elementor-element elementor-element-bb80913 elementor-widget elementor-widget-heading\" data-id=\"bb80913\" data-element_type=\"widget\" data-e-type=\"widget\" data-widget_type=\"heading.default\">\n\t\t\t\t\t<h3 class=\"elementor-heading-title elementor-size-default\">Formaci\u00f3n pr\u00e1ctica en medicina est\u00e9tica: Dando forma al futuro de la est\u00e9tica en West Palm Beach<\/h3>\t\t\t\t<\/div>\n\t\t\t\t<div class=\"elementor-element elementor-element-d42d07e elementor-widget elementor-widget-text-editor\" data-id=\"d42d07e\" data-element_type=\"widget\" data-e-type=\"widget\" data-widget_type=\"text-editor.default\">\n\t\t\t\t\t\t\t\t\t<p><span style=\"font-weight: 400;\">El compromiso del Dr. Dahabra con la excelencia va m\u00e1s all\u00e1 de la atenci\u00f3n al paciente y se extiende a la formaci\u00f3n de la pr\u00f3xima generaci\u00f3n de profesionales de la est\u00e9tica. Nuestra <a href=\"https:\/\/drdahabra.com\/es\/vip\/aesthetic-medicine-hands-on-training-west-palm-beach-fl\/\">West Palm Beach<\/a> es un centro de formaci\u00f3n pr\u00e1ctica en medicina est\u00e9tica, donde los profesionales se re\u00fanen para perfeccionar sus habilidades bajo la direcci\u00f3n de un aut\u00e9ntico experto del sector.<\/span><\/p><p><span style=\"font-weight: 400;\">Nuestra experiencia <a href=\"https:\/\/drdahabra.com\/es\/formacion-en-medicina-estetica-en-florida\/\" data-wpil-monitor-id=\"2729\">programas de formaci\u00f3n cubren un espectro de<\/a> y en el centro de todo ello est\u00e1 el deseo de capacitar a los profesionales con conocimientos pr\u00e1cticos y reales. Tanto si es usted un profesional experimentado que busca ampliar su conjunto de habilidades como si es un reci\u00e9n llegado deseoso de entrar en este campo, nuestros programas de formaci\u00f3n de West Palm Beach, que incluyen <a href=\"https:\/\/drdahabra.com\/es\/tratamiento-de-la-celulitis-en-plantation-florida-2\/\" data-wpil-monitor-id=\"264\">Botox<\/a> formaci\u00f3n pr\u00e1ctica, proporcionan una experiencia de aprendizaje \u00fanica que te encamina hacia el \u00e9xito.<\/span><\/p>\t\t\t\t\t\t\t\t<\/div>\n\t\t\t\t<div class=\"elementor-element elementor-element-f5f1269 elementor-widget elementor-widget-heading\" data-id=\"f5f1269\" data-element_type=\"widget\" data-e-type=\"widget\" data-widget_type=\"heading.default\">\n\t\t\t\t\t<h3 class=\"elementor-heading-title elementor-size-default\">Botox Formaci\u00f3n Pr\u00e1ctica: Dominio de la precisi\u00f3n en West Palm Beach<\/h3>\t\t\t\t<\/div>\n\t\t\t\t<div class=\"elementor-element elementor-element-215e03a elementor-widget elementor-widget-text-editor\" data-id=\"215e03a\" data-element_type=\"widget\" data-e-type=\"widget\" data-widget_type=\"text-editor.default\">\n\t\t\t\t\t\t\t\t\t<p><span style=\"font-weight: 400;\">Descubra el arte del rejuvenecimiento facial con nuestros especialistas <a href=\"https:\/\/drdahabra.com\/es\/vip\/botox-hands-on-training-west-palm-beach-fl\/\">Formaci\u00f3n pr\u00e1ctica sobre Botox en West Palm Beach<\/a>. Dirigidos por el Dr. Dahabra, los participantes se adentrar\u00e1n en los entresijos del <a href=\"https:\/\/drdahabra.com\/es\/versa-filler-cost-in-plantation-florida\/\" data-wpil-monitor-id=\"345\">Botox<\/a> desde la comprensi\u00f3n de la anatom\u00eda facial hasta el dominio de las t\u00e9cnicas de inyecci\u00f3n. Este completo programa de formaci\u00f3n va m\u00e1s all\u00e1 de la teor\u00eda y ofrece una experiencia pr\u00e1ctica que fomenta la confianza y la pericia.<\/span><\/p><p><span style=\"font-weight: 400;\">Aspiring and experienced practitioners alike benefit from <a href=\"https:\/\/drdahabra.com\/es\/mitos-comunes-sobre-la-piel-con-el-dr-dahabra\/\" title=\"Mitos comunes sobre la piel con el Dr. Dahabra: Realidad frente a ficci\u00f3n desmentida\"  data-wpil-monitor-id=\"8812\">Dr. Dahabra's<\/a> wealth of knowledge and commitment to education. In West Palm Beach Wellness Center &amp; Med Spa, our Botox hands-on training is a gateway to mastering the <a href=\"https:\/\/drdahabra.com\/es\/the-art-of-facial-balancing-in-palm-beach-explained-achieve-perfect-symmetry\/\">arte facial<\/a> rejuvenecimiento, garantizando que los profesionales de West Palm Beach y otros lugares est\u00e9n equipados para ofrecer resultados excepcionales a sus clientes.<\/span><\/p>\t\t\t\t\t\t\t\t<\/div>\n\t\t\t\t<div class=\"elementor-element elementor-element-5592162 elementor-widget elementor-widget-heading\" data-id=\"5592162\" data-element_type=\"widget\" data-e-type=\"widget\" data-widget_type=\"heading.default\">\n\t\t\t\t\t<h4 class=\"elementor-heading-title elementor-size-default\">Su viaje comienza en West Palm Beach con el Dr. Dahabra<\/h4>\t\t\t\t<\/div>\n\t\t\t\t<div class=\"elementor-element elementor-element-5f58564 elementor-widget elementor-widget-text-editor\" data-id=\"5f58564\" data-element_type=\"widget\" data-e-type=\"widget\" data-widget_type=\"text-editor.default\">\n\t\t\t\t\t\t\t\t\t<p><span style=\"font-weight: 400;\">En el coraz\u00f3n de West Palm Beach, el Dr. Dahabra le invita a embarcarse en un viaje de belleza, bienestar y educaci\u00f3n. Nuestra ubicaci\u00f3n no es s\u00f3lo un destino para servicios transformadores; es un santuario donde la innovaci\u00f3n se encuentra con el lujo, y cada detalle est\u00e1 dise\u00f1ado para mejorar su bienestar.<\/span><\/p><p><span style=\"font-weight: 400;\">Tanto si busca una est\u00e9tica de conserjer\u00eda VIP, una est\u00e9tica de medicina de conserjer\u00eda VIP o <a href=\"https:\/\/drdahabra.com\/es\/todo-sobre-el-relleno-labial-formacion-practica\/\"  data-wpil-monitor-id=\"3297\">formaci\u00f3n pr\u00e1ctica<\/a> para elevar sus habilidades, la ubicaci\u00f3n del Dr. Dahabra en West Palm Beach es su primera opci\u00f3n. \u00danase a nosotros en la b\u00fasqueda de la excelencia en\u00a0<\/span><span style=\"text-align: var(--text-align);\">West Palm Beach <a href=\"https:\/\/drdahabra.com\/es\/med-spa-101-en-que-se-diferencia-de-los-spas-tradicionales\/\"  data-wpil-monitor-id=\"4160\">Med Spa<\/a><\/span><span style=\"color: var( --e-global-color-text ); letter-spacing: 0px; word-spacing: 0em; text-align: var(--text-align);\">donde la radiante belleza de West Palm Beach converge con la experiencia del Dr. Dahabra para crear una experiencia verdaderamente incomparable. Su viaje a la belleza.<\/span><\/p>\t\t\t\t\t\t\t\t<\/div>\n\t\t\t\t<div class=\"elementor-element elementor-element-df355d9 elementor-widget elementor-widget-text-editor\" data-id=\"df355d9\" data-element_type=\"widget\" data-e-type=\"widget\" data-widget_type=\"text-editor.default\">\n\t\t\t\t\t\t\t\t\t<h2>Enlaces \u00fatiles:<\/h2><p><strong><a href=\"https:\/\/beverlyhillsmedispa.com\/\" target=\"_blank\" rel=\"noopener\">Beverly Hills Wellness Center &amp; Med Spa, Florida<\/a><\/strong><\/p><p><strong><a href=\"https:\/\/plantationmedspa.com\/\" target=\"_blank\" rel=\"noopener\">Plantation Med Spa, Florida<\/a><\/strong><\/p><p><strong><a href=\"https:\/\/westpalmbeachivtherapy.com\" target=\"_blank\" rel=\"noopener\">Terapia IV West Palm Beach, Florida<\/a><\/strong><\/p><p><strong><a href=\"https:\/\/drdahabra.com\/es\/aprendizaje\/\">Formaci\u00f3n de aprendices<\/a><\/strong><\/p>\t\t\t\t\t\t\t\t<\/div>\n\t\t\t\t\t<\/div>\n\t\t\t\t<\/div>\n\t\t\t\t<\/div>","protected":false},"excerpt":{"rendered":"<p>West Palm Beach wellness center and med spa<\/p>","protected":false},"author":1,"featured_media":590,"parent":0,"menu_order":0,"comment_status":"closed","ping_status":"closed","template":"","meta":{"iawp_total_views":47,"footnotes":""},"class_list":["post-1082","page","type-page","status-publish","has-post-thumbnail","hentry"],"_links":{"self":[{"href":"https:\/\/drdahabra.com\/es\/wp-json\/wp\/v2\/pages\/1082","targetHints":{"allow":["GET"]}}],"collection":[{"href":"https:\/\/drdahabra.com\/es\/wp-json\/wp\/v2\/pages"}],"about":[{"href":"https:\/\/drdahabra.com\/es\/wp-json\/wp\/v2\/types\/page"}],"author":[{"embeddable":true,"href":"https:\/\/drdahabra.com\/es\/wp-json\/wp\/v2\/users\/1"}],"replies":[{"embeddable":true,"href":"https:\/\/drdahabra.com\/es\/wp-json\/wp\/v2\/comments?post=1082"}],"version-history":[{"count":9,"href":"https:\/\/drdahabra.com\/es\/wp-json\/wp\/v2\/pages\/1082\/revisions"}],"predecessor-version":[{"id":31854,"href":"https:\/\/drdahabra.com\/es\/wp-json\/wp\/v2\/pages\/1082\/revisions\/31854"}],"wp:featuredmedia":[{"embeddable":true,"href":"https:\/\/drdahabra.com\/es\/wp-json\/wp\/v2\/media\/590"}],"wp:attachment":[{"href":"https:\/\/drdahabra.com\/es\/wp-json\/wp\/v2\/media?parent=1082"}],"curies":[{"name":"wp","href":"https:\/\/api.w.org\/{rel}","templated":true}]}}