{"id":19751,"date":"2025-05-07T16:24:47","date_gmt":"2025-05-07T16:24:47","guid":{"rendered":"https:\/\/drdahabra.com\/?page_id=19751"},"modified":"2025-06-12T17:48:16","modified_gmt":"2025-06-12T17:48:16","slug":"relleno-de-ojeras","status":"publish","type":"page","link":"https:\/\/drdahabra.com\/es\/under-eye-filler\/","title":{"rendered":"Relleno de ojeras"},"content":{"rendered":"<div data-elementor-type=\"wp-page\" data-elementor-id=\"19751\" class=\"elementor elementor-19751\" data-elementor-post-type=\"page\">\n\t\t\t\t<div class=\"elementor-element elementor-element-f6a67a6 e-flex e-con-boxed e-con e-parent\" data-id=\"f6a67a6\" data-element_type=\"container\" data-e-type=\"container\">\n\t\t\t\t\t<div class=\"e-con-inner\">\n\t\t\t\t\t<\/div>\n\t\t\t\t<\/div>\n\t\t<div class=\"elementor-element elementor-element-0e14852 e-flex e-con-boxed e-con e-parent\" data-id=\"0e14852\" data-element_type=\"container\" data-e-type=\"container\">\n\t\t\t\t\t<div class=\"e-con-inner\">\n\t\t\t\t<div class=\"elementor-element elementor-element-782caca elementor-widget elementor-widget-heading\" data-id=\"782caca\" data-element_type=\"widget\" data-e-type=\"widget\" data-widget_type=\"heading.default\">\n\t\t\t\t\t<h1 class=\"elementor-heading-title elementor-size-default\">Relleno de ojeras<\/h1>\t\t\t\t<\/div>\n\t\t\t\t<div class=\"elementor-element elementor-element-1492ab4 elementor-widget__width-initial elementor-widget elementor-widget-video\" data-id=\"1492ab4\" data-element_type=\"widget\" data-e-type=\"widget\" data-settings=\"{&quot;youtube_url&quot;:&quot;https:\\\/\\\/youtube.com\\\/shorts\\\/hOGnU9v-Wco?feature=share&quot;,&quot;video_type&quot;:&quot;youtube&quot;,&quot;controls&quot;:&quot;yes&quot;}\" data-widget_type=\"video.default\">\n\t\t\t\t\t\t\t<div class=\"elementor-wrapper elementor-open-inline\">\n\t\t\t<div class=\"elementor-video\"><\/div>\t\t<\/div>\n\t\t\t\t\t\t<\/div>\n\t\t\t\t<div class=\"elementor-element elementor-element-cc7fdcf elementor-widget elementor-widget-text-editor\" data-id=\"cc7fdcf\" data-element_type=\"widget\" data-e-type=\"widget\" data-widget_type=\"text-editor.default\">\n\t\t\t\t\t\t\t\t\t<h2>Transformaci\u00f3n del Relleno Debajo de los Ojos - \u00a1C\u00f3mo 1 CC de Relleno lo Cambi\u00f3 Todo!<\/h2>\t\t\t\t\t\t\t\t<\/div>\n\t\t\t\t<div class=\"elementor-element elementor-element-3eea0d9 elementor-widget__width-initial elementor-widget elementor-widget-video\" data-id=\"3eea0d9\" data-element_type=\"widget\" data-e-type=\"widget\" data-settings=\"{&quot;youtube_url&quot;:&quot;https:\\\/\\\/youtube.com\\\/shorts\\\/hY-kuco9fBU?feature=share&quot;,&quot;video_type&quot;:&quot;youtube&quot;,&quot;controls&quot;:&quot;yes&quot;}\" data-widget_type=\"video.default\">\n\t\t\t\t\t\t\t<div class=\"elementor-wrapper elementor-open-inline\">\n\t\t\t<div class=\"elementor-video\"><\/div>\t\t<\/div>\n\t\t\t\t\t\t<\/div>\n\t\t\t\t<div class=\"elementor-element elementor-element-ef15c88 elementor-widget elementor-widget-text-editor\" data-id=\"ef15c88\" data-element_type=\"widget\" data-e-type=\"widget\" data-widget_type=\"text-editor.default\">\n\t\t\t\t\t\t\t\t\t<h2>Transformaci\u00f3n de Relleno Bajo los Ojos con el Dr. Dahabra | \u00a1Ojos Instant\u00e1neamente M\u00e1s Brillantes y J\u00f3venes!<\/h2>\t\t\t\t\t\t\t\t<\/div>\n\t\t\t\t<div class=\"elementor-element elementor-element-df355d9 elementor-widget elementor-widget-text-editor\" data-id=\"df355d9\" data-element_type=\"widget\" data-e-type=\"widget\" data-widget_type=\"text-editor.default\">\n\t\t\t\t\t\t\t\t\t<h2>Enlaces \u00fatiles:<\/h2><p><strong><a href=\"https:\/\/beverlyhillsmedispa.com\/\" target=\"_blank\" rel=\"noopener\">Beverly Hills Wellness Center &amp; Med Spa, Florida<\/a><\/strong><\/p><p><strong><a href=\"https:\/\/plantationmedspa.com\/\" target=\"_blank\" rel=\"noopener\">Plantation Med Spa, Florida<\/a><\/strong><\/p><p><strong><a href=\"https:\/\/westpalmbeachivtherapy.com\" target=\"_blank\" rel=\"noopener\">Terapia IV West Palm Beach, Florida<\/a><\/strong><\/p><p><strong><a href=\"https:\/\/drdahabra.com\/es\/aprendizaje\/\">Formaci\u00f3n de aprendices<\/a><\/strong><\/p>\t\t\t\t\t\t\t\t<\/div>\n\t\t\t\t\t<\/div>\n\t\t\t\t<\/div>\n\t\t<div class=\"elementor-element elementor-element-3e5c43e e-flex e-con-boxed e-con e-parent\" data-id=\"3e5c43e\" data-element_type=\"container\" data-e-type=\"container\">\n\t\t\t\t\t<div class=\"e-con-inner\">\n\t\t\t\t\t<\/div>\n\t\t\t\t<\/div>\n\t\t\t\t<\/div>","protected":false},"excerpt":{"rendered":"<p>The best Under Eye Filler in West Palm Beach wellness center and med spa<\/p>","protected":false},"author":1,"featured_media":590,"parent":0,"menu_order":0,"comment_status":"closed","ping_status":"closed","template":"","meta":{"iawp_total_views":58,"footnotes":""},"class_list":["post-19751","page","type-page","status-publish","has-post-thumbnail","hentry"],"_links":{"self":[{"href":"https:\/\/drdahabra.com\/es\/wp-json\/wp\/v2\/pages\/19751","targetHints":{"allow":["GET"]}}],"collection":[{"href":"https:\/\/drdahabra.com\/es\/wp-json\/wp\/v2\/pages"}],"about":[{"href":"https:\/\/drdahabra.com\/es\/wp-json\/wp\/v2\/types\/page"}],"author":[{"embeddable":true,"href":"https:\/\/drdahabra.com\/es\/wp-json\/wp\/v2\/users\/1"}],"replies":[{"embeddable":true,"href":"https:\/\/drdahabra.com\/es\/wp-json\/wp\/v2\/comments?post=19751"}],"version-history":[{"count":23,"href":"https:\/\/drdahabra.com\/es\/wp-json\/wp\/v2\/pages\/19751\/revisions"}],"predecessor-version":[{"id":21018,"href":"https:\/\/drdahabra.com\/es\/wp-json\/wp\/v2\/pages\/19751\/revisions\/21018"}],"wp:featuredmedia":[{"embeddable":true,"href":"https:\/\/drdahabra.com\/es\/wp-json\/wp\/v2\/media\/590"}],"wp:attachment":[{"href":"https:\/\/drdahabra.com\/es\/wp-json\/wp\/v2\/media?parent=19751"}],"curies":[{"name":"wp","href":"https:\/\/api.w.org\/{rel}","templated":true}]}}