{"id":22675,"date":"2025-07-18T14:04:38","date_gmt":"2025-07-18T14:04:38","guid":{"rendered":"https:\/\/drdahabra.com\/?page_id=22675"},"modified":"2025-08-15T15:30:56","modified_gmt":"2025-08-15T15:30:56","slug":"politica-de-datos-del-usuario","status":"publish","type":"page","link":"https:\/\/drdahabra.com\/es\/user-data-policy\/","title":{"rendered":"Pol\u00edtica de datos de los usuarios"},"content":{"rendered":"<div data-elementor-type=\"wp-page\" data-elementor-id=\"22675\" class=\"elementor elementor-22675\" data-elementor-post-type=\"page\">\n\t\t\t\t<div class=\"elementor-element elementor-element-42db256c e-con-full e-flex e-con e-parent\" data-id=\"42db256c\" data-element_type=\"container\" data-e-type=\"container\" data-settings=\"{&quot;background_background&quot;:&quot;classic&quot;}\">\n\t\t\t\t<div class=\"elementor-element elementor-element-75e3149d elementor-widget elementor-widget-heading\" data-id=\"75e3149d\" data-element_type=\"widget\" data-e-type=\"widget\" data-widget_type=\"heading.default\">\n\t\t\t\t\t<h1 class=\"elementor-heading-title elementor-size-default\">Pol\u00edtica de datos del usuario - Pol\u00edtica de cookies del sitio web<\/h1>\t\t\t\t<\/div>\n\t\t\t\t<div class=\"elementor-element elementor-element-92ff4f5 elementor-align-center elementor-invisible elementor-widget elementor-widget-button\" data-id=\"92ff4f5\" data-element_type=\"widget\" data-e-type=\"widget\" data-settings=\"{&quot;_animation&quot;:&quot;fadeInUp&quot;}\" data-widget_type=\"button.default\">\n\t\t\t\t\t\t\t\t\t\t<a class=\"elementor-button elementor-button-link elementor-size-lg elementor-animation-grow\" href=\"https:\/\/drdahabra.com\/es\/contact\/\">\n\t\t\t\t\t\t<span class=\"elementor-button-content-wrapper\">\n\t\t\t\t\t\t\t\t\t<span class=\"elementor-button-text\">Contacto<\/span>\n\t\t\t\t\t<\/span>\n\t\t\t\t\t<\/a>\n\t\t\t\t\t\t\t\t<\/div>\n\t\t\t\t<\/div>\n\t\t<div class=\"elementor-element elementor-element-5e5e899b e-flex e-con-boxed e-con e-parent\" data-id=\"5e5e899b\" data-element_type=\"container\" data-e-type=\"container\">\n\t\t\t\t\t<div class=\"e-con-inner\">\n\t\t\t\t<div class=\"elementor-element elementor-element-314993f2 elementor-widget elementor-widget-text-editor\" data-id=\"314993f2\" data-element_type=\"widget\" data-e-type=\"widget\" data-widget_type=\"text-editor.default\">\n\t\t\t\t\t\t\t\t\t<h1>Pol\u00edtica de cookies<\/h1><p>\u00daltima actualizaci\u00f3n: 18 de julio de 2025<\/p><p>Esta Pol\u00edtica de Cookies explica qu\u00e9 son las Cookies y c\u00f3mo las utilizamos. Usted debe leer esta pol\u00edtica para que pueda entender qu\u00e9 tipo de cookies utilizamos, o la informaci\u00f3n que recopilamos utilizando Cookies y c\u00f3mo se utiliza esa informaci\u00f3n. Esta Pol\u00edtica de Cookies ha sido creada con la ayuda de la <a href=\"https:\/\/www.termsfeed.com\/cookies-policy-generator\/\" target=\"_blank\" rel=\"noopener\">Generador de pol\u00edtica de cookies<\/a>.<\/p><p>Las cookies no suelen contener ninguna informaci\u00f3n que identifique personalmente a un usuario, pero la informaci\u00f3n personal que almacenamos sobre Usted puede estar vinculada a la informaci\u00f3n almacenada y obtenida de las cookies. Para m\u00e1s informaci\u00f3n sobre c\u00f3mo utilizamos, almacenamos y mantenemos seguros sus datos personales, consulte nuestra Pol\u00edtica de Privacidad.<\/p><p>No almacenamos informaci\u00f3n personal sensible, como direcciones de correo, contrase\u00f1as de cuentas, etc. en las cookies que utilizamos.<\/p><h2>Interpretaci\u00f3n y definiciones<\/h2><h3>Interpretaci\u00f3n<\/h3><p>Las palabras cuya inicial aparece en may\u00fascula tienen los significados que se definen a continuaci\u00f3n. Las siguientes definiciones tendr\u00e1n el mismo significado independientemente de que aparezcan en singular o en plural.<\/p><h3>Definiciones<\/h3><p>A los efectos de la presente Pol\u00edtica de Cookies:<\/p><ul><li><strong>Empresa<\/strong> (en adelante \"la Empresa\", \"Nosotros\", \"Nos\" o \"Nuestro\" en esta Pol\u00edtica de Cookies) se refiere a Dr. Dahabra.<\/li><li><strong>Cookies<\/strong> se refiere a peque\u00f1os archivos que un sitio web coloca en su ordenador, dispositivo m\u00f3vil o cualquier otro dispositivo, y que contienen detalles de su historial de navegaci\u00f3n en ese sitio web, entre otros muchos usos.<\/li><li><strong>P\u00e1gina web<\/strong> se refiere al Dr. Dahabra, accesible desde drdahabra.com<\/li><li><strong>Usted<\/strong> se refiere a la persona f\u00edsica que accede o utiliza el Sitio Web, o a una empresa, o a cualquier entidad jur\u00eddica en nombre de la cual dicha persona f\u00edsica accede o utiliza el Sitio Web, seg\u00fan proceda.<\/li><\/ul><h2>Uso de las cookies<\/h2><h3>Tipo de cookies que utilizamos<\/h3><p>Las cookies pueden ser \"persistentes\" o \"de sesi\u00f3n\". Las Cookies persistentes permanecen en su ordenador personal o dispositivo m\u00f3vil cuando se desconecta, mientras que las Cookies de sesi\u00f3n se eliminan en cuanto cierra su navegador web.<\/p><p>Utilizamos tanto cookies de sesi\u00f3n como cookies persistentes para los fines que se indican a continuaci\u00f3n:<\/p><ul><li><p><strong>Cookies necesarias \/ esenciales<\/strong><\/p><p>Tipo: Cookies de sesi\u00f3n<\/p><p>Administrado por: Us<\/p><p>Finalidad: Estas Cookies son esenciales para proporcionarle los servicios disponibles a trav\u00e9s del Sitio Web y permitirle utilizar algunas de sus funciones. Ayudan a autenticar a los usuarios y a evitar el uso fraudulento de las cuentas de usuario. Sin estas Cookies, los servicios que Usted ha solicitado no pueden ser proporcionados, y s\u00f3lo utilizamos estas Cookies para proporcionarle dichos servicios.<\/p><\/li><li><p><strong>Cookies de funcionalidad<\/strong><\/p><p>Tipo: Cookies persistentes<\/p><p>Administrado por: Us<\/p><p>Finalidad: Estas Cookies nos permiten recordar las elecciones que Usted realiza cuando utiliza el Sitio Web, como recordar sus datos de acceso o su preferencia de idioma. El objetivo de estas Cookies es proporcionarle una experiencia m\u00e1s personal y evitar que tenga que volver a introducir sus preferencias cada vez que utilice el Sitio Web.<\/p><\/li><\/ul><h3>Sus opciones con respecto a las cookies<\/h3><p>Si prefiere evitar el uso de Cookies en el Sitio Web, primero debe desactivar el uso de Cookies en su navegador y despu\u00e9s eliminar las Cookies guardadas en su navegador asociadas a este sitio web. Puede utilizar esta opci\u00f3n para evitar el uso de Cookies en cualquier momento.<\/p><p>Si no acepta nuestras cookies, es posible que experimente algunos inconvenientes en el uso del sitio web y que algunas funciones no funcionen correctamente.<\/p><p>Si desea eliminar las cookies o indicar a su navegador que las elimine o rechace, visite las p\u00e1ginas de ayuda de su navegador.<\/p><ul><li><p>Para el navegador Chrome, visite esta p\u00e1gina de Google: <a href=\"https:\/\/support.google.com\/accounts\/answer\/32050\" target=\"_blank\" rel=\"external nofollow noopener\">https:\/\/support.google.com\/accounts\/answer\/32050<\/a><\/p><\/li><li><p>Para el navegador Internet Explorer, visite esta p\u00e1gina de Microsoft: <a href=\"http:\/\/support.microsoft.com\/kb\/278835\" target=\"_blank\" rel=\"external nofollow noopener\">http:\/\/support.microsoft.com\/kb\/278835<\/a><\/p><\/li><li><p>Para el navegador Firefox, visite esta p\u00e1gina de Mozilla: <a href=\"https:\/\/support.mozilla.org\/en-US\/kb\/delete-cookies-remove-info-websites-stored\" target=\"_blank\" rel=\"external nofollow noopener\">https:\/\/support.mozilla.org\/en-US\/kb\/delete-cookies-remove-info-websites-stored<\/a><\/p><\/li><li><p>Para el navegador Safari, visite esta p\u00e1gina de Apple: <a href=\"https:\/\/support.apple.com\/guide\/safari\/manage-cookies-and-website-data-sfri11471\/mac\" target=\"_blank\" rel=\"external nofollow noopener\">https:\/\/support.apple.com\/guide\/safari\/manage-cookies-and-website-data-sfri11471\/mac<\/a><\/p><\/li><\/ul><p>Para cualquier otro navegador, visite las p\u00e1ginas oficiales de su navegador.<\/p><h3>M\u00e1s informaci\u00f3n sobre las cookies<\/h3><p>Puede obtener m\u00e1s informaci\u00f3n sobre las cookies aqu\u00ed: <a href=\"https:\/\/www.termsfeed.com\/blog\/cookies\/\" target=\"_blank\" rel=\"noopener\">Todo sobre las cookies por TermsFeed<\/a>.<\/p><h3>Contacte con nosotros<\/h3><p>Si tiene alguna pregunta sobre esta Pol\u00edtica de Cookies, puede ponerse en contacto con nosotros:<\/p><ul><li>Por correo electr\u00f3nico: info@drdahabra.com<\/li><\/ul>\t\t\t\t\t\t\t\t<\/div>\n\t\t\t\t\t<\/div>\n\t\t\t\t<\/div>\n\t\t<div class=\"elementor-element elementor-element-14a6f62c e-flex e-con-boxed e-con e-parent\" data-id=\"14a6f62c\" data-element_type=\"container\" data-e-type=\"container\">\n\t\t\t\t\t<div class=\"e-con-inner\">\n\t\t\t\t<div class=\"elementor-element elementor-element-690e28b1 elementor-widget elementor-widget-heading\" data-id=\"690e28b1\" data-element_type=\"widget\" data-e-type=\"widget\" data-widget_type=\"heading.default\">\n\t\t\t\t\t<h3 class=\"elementor-heading-title elementor-size-default\">Enlaces<\/h3>\t\t\t\t<\/div>\n\t\t\t\t<div class=\"elementor-element elementor-element-4931eeed elementor-widget elementor-widget-text-editor\" data-id=\"4931eeed\" data-element_type=\"widget\" data-e-type=\"widget\" data-widget_type=\"text-editor.default\">\n\t\t\t\t\t\t\t\t\t<p><a href=\"https:\/\/plantationmedspa.com\" target=\"_blank\" rel=\"noopener\">Plantation Med Spa, Florida<\/a><\/p><p><a href=\"https:\/\/beverlyhillsmedispa.com\" target=\"_blank\" rel=\"noopener\">Beverly Hills Wellness Center &amp; Med Spa, Florida<\/a><\/p><p><a href=\"https:\/\/westpalmbeachivtherapy.com\" target=\"_blank\" rel=\"noopener\">Cl\u00ednica M\u00e9dica de Terapia Intravenosa de West Palm Beach<\/a><\/p>\t\t\t\t\t\t\t\t<\/div>\n\t\t\t\t\t<\/div>\n\t\t\t\t<\/div>\n\t\t\t\t<\/div>","protected":false},"excerpt":{"rendered":"<p>The User Data and Site Cookies Policy for Dr. Dahabra&#8217;s website<\/p>","protected":false},"author":1,"featured_media":0,"parent":0,"menu_order":0,"comment_status":"closed","ping_status":"closed","template":"elementor_header_footer","meta":{"iawp_total_views":35,"footnotes":""},"class_list":["post-22675","page","type-page","status-publish","hentry"],"_links":{"self":[{"href":"https:\/\/drdahabra.com\/es\/wp-json\/wp\/v2\/pages\/22675","targetHints":{"allow":["GET"]}}],"collection":[{"href":"https:\/\/drdahabra.com\/es\/wp-json\/wp\/v2\/pages"}],"about":[{"href":"https:\/\/drdahabra.com\/es\/wp-json\/wp\/v2\/types\/page"}],"author":[{"embeddable":true,"href":"https:\/\/drdahabra.com\/es\/wp-json\/wp\/v2\/users\/1"}],"replies":[{"embeddable":true,"href":"https:\/\/drdahabra.com\/es\/wp-json\/wp\/v2\/comments?post=22675"}],"version-history":[{"count":11,"href":"https:\/\/drdahabra.com\/es\/wp-json\/wp\/v2\/pages\/22675\/revisions"}],"predecessor-version":[{"id":23927,"href":"https:\/\/drdahabra.com\/es\/wp-json\/wp\/v2\/pages\/22675\/revisions\/23927"}],"wp:attachment":[{"href":"https:\/\/drdahabra.com\/es\/wp-json\/wp\/v2\/media?parent=22675"}],"curies":[{"name":"wp","href":"https:\/\/api.w.org\/{rel}","templated":true}]}}